{"id":660,"date":"2023-06-21T17:32:17","date_gmt":"2023-06-21T17:32:17","guid":{"rendered":"https:\/\/therapeutisches-reiten-leipzig.de\/?page_id=660"},"modified":"2023-06-21T17:38:48","modified_gmt":"2023-06-21T17:38:48","slug":"bfd","status":"publish","type":"page","link":"https:\/\/therapeutisches-reiten-leipzig.de\/?page_id=660","title":{"rendered":"BFD"},"content":{"rendered":"\n<p>Bufdi beim Westlicht e.V.\u00a0<\/p>\n\n\n\n<p>Hier der Bericht von unserer aktuellen BUFDIne J.K.: <\/p>\n\n\n\n<p>Wenn du \u00fcberlegst dein BFD beim Westlicht e.V. zu machen, dann aufgepasst!<\/p>\n\n\n\n<p>Ich habe mein BFD im September 2022 begonnen und bin jetzt also seit ca. 5 Monaten hier. Meine Aufgaben sind vielf\u00e4ltig und abwechslungsreich.&nbsp; In der Sommersaison beginnt mein Arbeitstag meist mit der F\u00fctterung der Therapiepferde, danach bringen wir unsere Vierbeiner auf die Sommerkoppel. Zu den Arbeiten rund um die Tiere geh\u00f6ren Aufgaben wie misten, Weidezaun reparieren, Assistenz bei Tierarzt uns den F\u00f6rdereinheiten mit dem Pferd.&nbsp; Da ich schon ein paar Vorkenntnisse im Umgang mit Pferden habe, darf ich die Ausbildung unserer Jungpferde unterst\u00fctzen, das hei\u00dft, zum Beispiel zweimal die Woche Bodenarbeit mit unserem Zweij\u00e4hrigen Appaloosa-Araber-Mix Spirit oder fr\u00fch&nbsp; ritte ins Gel\u00e4nde begleiten.&nbsp; Unsere Therapiepferde werden auch da Korrektur geritten bzw. ausgebildet. Ich reite oft Ponita, eine vierj\u00e4hrige Stute. Nachmittags finden die integrativen Reitgruppen statt die auch mal meine Unterst\u00fctzung brauchen.&nbsp;<\/p>\n\n\n\n<p>Ich arbeite nicht nur mit und bei den Pferden, Zwei Mal die Woche unterst\u00fctze ich am Nachmittag beim Kinder-Rehasport und einmal in der Woche die Krabbelgruppe f\u00fcr Kinder von 6 Monaten bis anderthalb Jahre. Es gibt 2 Kinder- Rehasport Gruppen mit Kindern von 4-6 Jahren und eine weitere Gruppe mit Kindern von 7-13 Jahren. &nbsp;<\/p>\n\n\n\n<p>Jetzt zur \u201eWinterkoppelsaison\u201c&nbsp; (das bedeutet, die Pferde sind 24\/7 auf der Winterkoppel und werden jeweils zu den Therapien bzw. F\u00f6rdereinheiten geholt)&nbsp; bin ich \u00f6fter&nbsp; im B\u00fcro. Aktuell unterst\u00fctze ich die \u00dcberarbeitung der Website und des Flyers sowie einige andere kreative Projekte. Zurzeit erstelle und versende ich Mitgliederbriefe und Dankesch\u00f6n-Briefe an unsere Sponsoren mit einem selbstgestalteten Pferde-Fotokalender. Die Mithilfe bei Vorbereitung und Organisation der Gelassenheitspr\u00fcfungen oder der Weiterbildung zum \u201ePferdef\u00fchrerschein\u201c geh\u00f6ren ebenso zu meinen Aufgaben.<\/p>\n\n\n\n<p>Am Wochenende m\u00fcssen unsere Therapiepferde nat\u00fcrlich&nbsp; auch versorgt werden. Also helfe&nbsp; ich an ein oder zwei Wochenenden im Monat und kann dann auch wieder mit ausreiten oder Kutsche fahren. &nbsp;<\/p>\n\n\n\n<p>Also bewerbt euch!\u00a0 10 bis 12 Therapiepferde und eine abwechslungsreiche Vereinsarbeit erwarten euch!\u00a0<\/p>\n\n\n\n<p>Leipzig, 30.01.2023<\/p>\n\n\n\n<p><strong>&nbsp;Herbie<\/strong><\/p>\n\n\n\n<p><strong>Westlicht e.V\/Therapaedica<\/strong><\/p>\n\n\n\n<p>Der Verein setzt sich f\u00fcr Menschen aller Generationen, insbesondere Kinder, mit und ohne Besonderheiten&nbsp; ein. Schwerpunkte sind pr\u00e4ventiver sowie rehabilitierender Gesundheitssport sowie Erziehung und Jugendhilfe durch unsere vielseitigen p\u00e4dagogischen Angebote<\/p>\n\n\n\n<p><strong>Aufgabengebiet: Therapie vorbereitende\/begleitende T\u00e4tigkeiten<\/strong><\/p>\n\n\n\n<p><strong>T\u00e4tigkeiten:<\/strong><\/p>\n\n\n\n<p>-Arbeit rund ums Therapiepferd<\/p>\n\n\n\n<p>-Ausgleichsarbeit und Weiterbildung der Therapiepferde<\/p>\n\n\n\n<p>-Unterst\u00fctzung bei organisatorischen T\u00e4tigkeiten:<\/p>\n\n\n\n<p>&nbsp; &nbsp; ~Kinder-Reha Sportgruppen<\/p>\n\n\n\n<p>&nbsp; &nbsp; ~Krabbelgruppe<\/p>\n\n\n\n<p>&nbsp; &nbsp; ~erlebnisp\u00e4dagogische Veranstaltungen<\/p>\n\n\n\n<p><strong>Voraussetzung:<\/strong><\/p>\n\n\n\n<p>-EDV Kenntnisse<\/p>\n\n\n\n<p>&#8211; Kenntnisse in Reiten, Pferdepflege&nbsp;<\/p>\n\n\n\n<p>-organisatorisches Talent, Erfahrungen im Umgang mit Kindern<\/p>\n\n\n\n<p>-Umsichtigkeit und Eigenverantwortung<\/p>\n\n\n\n<figure class=\"wp-block-image size-large is-resized\"><img loading=\"lazy\" decoding=\"async\" src=\"https:\/\/therapeutisches-reiten-leipzig.de\/wp-content\/uploads\/2023\/06\/45d6d947-1603-41ac-81ed-cad03d92a6ef-1024x577.jpg\" alt=\"\" class=\"wp-image-664\" width=\"535\" height=\"301\" srcset=\"https:\/\/therapeutisches-reiten-leipzig.de\/wp-content\/uploads\/2023\/06\/45d6d947-1603-41ac-81ed-cad03d92a6ef-1024x577.jpg 1024w, https:\/\/therapeutisches-reiten-leipzig.de\/wp-content\/uploads\/2023\/06\/45d6d947-1603-41ac-81ed-cad03d92a6ef-300x169.jpg 300w, https:\/\/therapeutisches-reiten-leipzig.de\/wp-content\/uploads\/2023\/06\/45d6d947-1603-41ac-81ed-cad03d92a6ef-768x432.jpg 768w, https:\/\/therapeutisches-reiten-leipzig.de\/wp-content\/uploads\/2023\/06\/45d6d947-1603-41ac-81ed-cad03d92a6ef-1536x865.jpg 1536w, https:\/\/therapeutisches-reiten-leipzig.de\/wp-content\/uploads\/2023\/06\/45d6d947-1603-41ac-81ed-cad03d92a6ef-800x450.jpg 800w, https:\/\/therapeutisches-reiten-leipzig.de\/wp-content\/uploads\/2023\/06\/45d6d947-1603-41ac-81ed-cad03d92a6ef.jpg 2048w\" sizes=\"auto, (max-width: 535px) 100vw, 535px\" \/><\/figure>\n","protected":false},"excerpt":{"rendered":"<p>Bufdi beim Westlicht e.V.\u00a0 Hier der Bericht von unserer aktuellen BUFDIne J.K.: Wenn du \u00fcberlegst dein BFD beim Westlicht e.V. zu machen, dann aufgepasst! Ich habe mein BFD im September 2022 begonnen und bin jetzt also seit ca. 5 Monaten hier. Meine Aufgaben sind vielf\u00e4ltig und abwechslungsreich.&nbsp; In der Sommersaison beginnt mein Arbeitstag meist mit [&hellip;]<\/p>\n","protected":false},"author":3,"featured_media":0,"parent":0,"menu_order":0,"comment_status":"closed","ping_status":"closed","template":"","meta":{"ocean_post_layout":"","ocean_both_sidebars_style":"","ocean_both_sidebars_content_width":0,"ocean_both_sidebars_sidebars_width":0,"ocean_sidebar":"0","ocean_second_sidebar":"0","ocean_disable_margins":"enable","ocean_add_body_class":"","ocean_shortcode_before_top_bar":"","ocean_shortcode_after_top_bar":"","ocean_shortcode_before_header":"","ocean_shortcode_after_header":"","ocean_has_shortcode":"","ocean_shortcode_after_title":"","ocean_shortcode_before_footer_widgets":"","ocean_shortcode_after_footer_widgets":"","ocean_shortcode_before_footer_bottom":"","ocean_shortcode_after_footer_bottom":"","ocean_display_top_bar":"default","ocean_display_header":"default","ocean_header_style":"","ocean_center_header_left_menu":"0","ocean_custom_header_template":"0","ocean_custom_logo":0,"ocean_custom_retina_logo":0,"ocean_custom_logo_max_width":0,"ocean_custom_logo_tablet_max_width":0,"ocean_custom_logo_mobile_max_width":0,"ocean_custom_logo_max_height":0,"ocean_custom_logo_tablet_max_height":0,"ocean_custom_logo_mobile_max_height":0,"ocean_header_custom_menu":"0","ocean_menu_typo_font_family":"0","ocean_menu_typo_font_subset":"","ocean_menu_typo_font_size":0,"ocean_menu_typo_font_size_tablet":0,"ocean_menu_typo_font_size_mobile":0,"ocean_menu_typo_font_size_unit":"px","ocean_menu_typo_font_weight":"","ocean_menu_typo_font_weight_tablet":"","ocean_menu_typo_font_weight_mobile":"","ocean_menu_typo_transform":"","ocean_menu_typo_transform_tablet":"","ocean_menu_typo_transform_mobile":"","ocean_menu_typo_line_height":0,"ocean_menu_typo_line_height_tablet":0,"ocean_menu_typo_line_height_mobile":0,"ocean_menu_typo_line_height_unit":"","ocean_menu_typo_spacing":0,"ocean_menu_typo_spacing_tablet":0,"ocean_menu_typo_spacing_mobile":0,"ocean_menu_typo_spacing_unit":"","ocean_menu_link_color":"","ocean_menu_link_color_hover":"","ocean_menu_link_color_active":"","ocean_menu_link_background":"","ocean_menu_link_hover_background":"","ocean_menu_link_active_background":"","ocean_menu_social_links_bg":"","ocean_menu_social_hover_links_bg":"","ocean_menu_social_links_color":"","ocean_menu_social_hover_links_color":"","ocean_disable_title":"default","ocean_disable_heading":"default","ocean_post_title":"","ocean_post_subheading":"","ocean_post_title_style":"","ocean_post_title_background_color":"","ocean_post_title_background":0,"ocean_post_title_bg_image_position":"","ocean_post_title_bg_image_attachment":"","ocean_post_title_bg_image_repeat":"","ocean_post_title_bg_image_size":"","ocean_post_title_height":0,"ocean_post_title_bg_overlay":0.5,"ocean_post_title_bg_overlay_color":"","ocean_disable_breadcrumbs":"default","ocean_breadcrumbs_color":"","ocean_breadcrumbs_separator_color":"","ocean_breadcrumbs_links_color":"","ocean_breadcrumbs_links_hover_color":"","ocean_display_footer_widgets":"default","ocean_display_footer_bottom":"default","ocean_custom_footer_template":"0","footnotes":""},"class_list":["post-660","page","type-page","status-publish","hentry","entry"],"jetpack_sharing_enabled":true,"_links":{"self":[{"href":"https:\/\/therapeutisches-reiten-leipzig.de\/index.php?rest_route=\/wp\/v2\/pages\/660","targetHints":{"allow":["GET"]}}],"collection":[{"href":"https:\/\/therapeutisches-reiten-leipzig.de\/index.php?rest_route=\/wp\/v2\/pages"}],"about":[{"href":"https:\/\/therapeutisches-reiten-leipzig.de\/index.php?rest_route=\/wp\/v2\/types\/page"}],"author":[{"embeddable":true,"href":"https:\/\/therapeutisches-reiten-leipzig.de\/index.php?rest_route=\/wp\/v2\/users\/3"}],"replies":[{"embeddable":true,"href":"https:\/\/therapeutisches-reiten-leipzig.de\/index.php?rest_route=%2Fwp%2Fv2%2Fcomments&post=660"}],"version-history":[{"count":3,"href":"https:\/\/therapeutisches-reiten-leipzig.de\/index.php?rest_route=\/wp\/v2\/pages\/660\/revisions"}],"predecessor-version":[{"id":668,"href":"https:\/\/therapeutisches-reiten-leipzig.de\/index.php?rest_route=\/wp\/v2\/pages\/660\/revisions\/668"}],"wp:attachment":[{"href":"https:\/\/therapeutisches-reiten-leipzig.de\/index.php?rest_route=%2Fwp%2Fv2%2Fmedia&parent=660"}],"curies":[{"name":"wp","href":"https:\/\/api.w.org\/{rel}","templated":true}]}}