{"id":22,"date":"2016-10-11T13:55:53","date_gmt":"2016-10-11T13:55:53","guid":{"rendered":"http:\/\/therapeutisches-reiten-leipzig.de\/?page_id=22"},"modified":"2023-08-02T19:28:02","modified_gmt":"2023-08-02T19:28:02","slug":"kontakt","status":"publish","type":"page","link":"https:\/\/therapeutisches-reiten-leipzig.de\/?page_id=22","title":{"rendered":"Kontakt\/Impressum"},"content":{"rendered":"<p><strong>Inhaltlich Verantwortliche gem\u00e4\u00df \u00a7 6 MDStV:<\/strong><br \/>\nWiebke Stephan<\/p>\n<p>Sch\u00f6nauer Landstra\u00dfe 6<br \/>\n04178 Leipzig<\/p>\n<p><strong>Tel.:<\/strong> 0341 &#8211; 55 01 88 17<br \/>\n<strong>Fax:<\/strong> 0341 &#8211; 55 01 90 59<br \/>\n<strong>E-Mail:<\/strong> info@therapeutisches-reiten-leipzig.de<\/p>\n<p><strong>Staat, in dem die Berufsbezeichnung verliehen wurde:<\/strong> Bundesrepublik Deutschland<\/p>\n<div id=\"haftungshinweis\">\n<p><strong>Haftungshinweis:<\/strong> Diese Seite enth\u00e4lt Links zu externen Internetseiten. Trotz sorgf\u00e4ltiger Kontrolle \u00fcbernehmen wir keine Haftung f\u00fcr die Inhalte externer Links. F\u00fcr den Inhalt verlinkter Seiten sind ausschlie\u00dflich deren Betreiber verantwortlich.<\/p>\n<\/div>\n","protected":false},"excerpt":{"rendered":"<p>Inhaltlich Verantwortliche gem\u00e4\u00df \u00a7 6 MDStV: Wiebke Stephan Sch\u00f6nauer Landstra\u00dfe 6 04178 Leipzig Tel.: 0341 &#8211; 55 01 88 17 Fax: 0341 &#8211; 55 01 90 59 E-Mail: info@therapeutisches-reiten-leipzig.de Staat, in dem die Berufsbezeichnung verliehen wurde: Bundesrepublik Deutschland Haftungshinweis: Diese Seite enth\u00e4lt Links zu externen Internetseiten. Trotz sorgf\u00e4ltiger Kontrolle \u00fcbernehmen wir keine Haftung f\u00fcr die [&hellip;]<\/p>\n","protected":false},"author":3,"featured_media":0,"parent":0,"menu_order":0,"comment_status":"closed","ping_status":"closed","template":"","meta":{"ocean_post_layout":"","ocean_both_sidebars_style":"","ocean_both_sidebars_content_width":0,"ocean_both_sidebars_sidebars_width":0,"ocean_sidebar":"0","ocean_second_sidebar":"0","ocean_disable_margins":"enable","ocean_add_body_class":"","ocean_shortcode_before_top_bar":"","ocean_shortcode_after_top_bar":"","ocean_shortcode_before_header":"","ocean_shortcode_after_header":"","ocean_has_shortcode":"","ocean_shortcode_after_title":"","ocean_shortcode_before_footer_widgets":"","ocean_shortcode_after_footer_widgets":"","ocean_shortcode_before_footer_bottom":"","ocean_shortcode_after_footer_bottom":"","ocean_display_top_bar":"default","ocean_display_header":"default","ocean_header_style":"","ocean_center_header_left_menu":"0","ocean_custom_header_template":"0","ocean_custom_logo":0,"ocean_custom_retina_logo":0,"ocean_custom_logo_max_width":0,"ocean_custom_logo_tablet_max_width":0,"ocean_custom_logo_mobile_max_width":0,"ocean_custom_logo_max_height":0,"ocean_custom_logo_tablet_max_height":0,"ocean_custom_logo_mobile_max_height":0,"ocean_header_custom_menu":"0","ocean_menu_typo_font_family":"0","ocean_menu_typo_font_subset":"","ocean_menu_typo_font_size":0,"ocean_menu_typo_font_size_tablet":0,"ocean_menu_typo_font_size_mobile":0,"ocean_menu_typo_font_size_unit":"px","ocean_menu_typo_font_weight":"","ocean_menu_typo_font_weight_tablet":"","ocean_menu_typo_font_weight_mobile":"","ocean_menu_typo_transform":"","ocean_menu_typo_transform_tablet":"","ocean_menu_typo_transform_mobile":"","ocean_menu_typo_line_height":0,"ocean_menu_typo_line_height_tablet":0,"ocean_menu_typo_line_height_mobile":0,"ocean_menu_typo_line_height_unit":"","ocean_menu_typo_spacing":0,"ocean_menu_typo_spacing_tablet":0,"ocean_menu_typo_spacing_mobile":0,"ocean_menu_typo_spacing_unit":"","ocean_menu_link_color":"","ocean_menu_link_color_hover":"","ocean_menu_link_color_active":"","ocean_menu_link_background":"","ocean_menu_link_hover_background":"","ocean_menu_link_active_background":"","ocean_menu_social_links_bg":"","ocean_menu_social_hover_links_bg":"","ocean_menu_social_links_color":"","ocean_menu_social_hover_links_color":"","ocean_disable_title":"default","ocean_disable_heading":"default","ocean_post_title":"","ocean_post_subheading":"","ocean_post_title_style":"","ocean_post_title_background_color":"","ocean_post_title_background":0,"ocean_post_title_bg_image_position":"","ocean_post_title_bg_image_attachment":"","ocean_post_title_bg_image_repeat":"","ocean_post_title_bg_image_size":"","ocean_post_title_height":0,"ocean_post_title_bg_overlay":0.5,"ocean_post_title_bg_overlay_color":"","ocean_disable_breadcrumbs":"default","ocean_breadcrumbs_color":"","ocean_breadcrumbs_separator_color":"","ocean_breadcrumbs_links_color":"","ocean_breadcrumbs_links_hover_color":"","ocean_display_footer_widgets":"default","ocean_display_footer_bottom":"default","ocean_custom_footer_template":"0","footnotes":""},"class_list":["post-22","page","type-page","status-publish","hentry","entry"],"jetpack_sharing_enabled":true,"_links":{"self":[{"href":"https:\/\/therapeutisches-reiten-leipzig.de\/index.php?rest_route=\/wp\/v2\/pages\/22","targetHints":{"allow":["GET"]}}],"collection":[{"href":"https:\/\/therapeutisches-reiten-leipzig.de\/index.php?rest_route=\/wp\/v2\/pages"}],"about":[{"href":"https:\/\/therapeutisches-reiten-leipzig.de\/index.php?rest_route=\/wp\/v2\/types\/page"}],"author":[{"embeddable":true,"href":"https:\/\/therapeutisches-reiten-leipzig.de\/index.php?rest_route=\/wp\/v2\/users\/3"}],"replies":[{"embeddable":true,"href":"https:\/\/therapeutisches-reiten-leipzig.de\/index.php?rest_route=%2Fwp%2Fv2%2Fcomments&post=22"}],"version-history":[{"count":6,"href":"https:\/\/therapeutisches-reiten-leipzig.de\/index.php?rest_route=\/wp\/v2\/pages\/22\/revisions"}],"predecessor-version":[{"id":672,"href":"https:\/\/therapeutisches-reiten-leipzig.de\/index.php?rest_route=\/wp\/v2\/pages\/22\/revisions\/672"}],"wp:attachment":[{"href":"https:\/\/therapeutisches-reiten-leipzig.de\/index.php?rest_route=%2Fwp%2Fv2%2Fmedia&parent=22"}],"curies":[{"name":"wp","href":"https:\/\/api.w.org\/{rel}","templated":true}]}}