{"id":16,"date":"2016-10-11T13:51:40","date_gmt":"2016-10-11T13:51:40","guid":{"rendered":"http:\/\/therapeutisches-reiten-leipzig.de\/?page_id=16"},"modified":"2023-08-02T19:44:23","modified_gmt":"2023-08-02T19:44:23","slug":"was-wir-machen","status":"publish","type":"page","link":"https:\/\/therapeutisches-reiten-leipzig.de\/?page_id=16","title":{"rendered":"Was wir machen"},"content":{"rendered":"<div class=\"wp-block-image\">\n<figure class=\"aligncenter size-large is-resized\"><img loading=\"lazy\" decoding=\"async\" src=\"https:\/\/therapeutisches-reiten-leipzig.de\/wp-content\/uploads\/2023\/08\/MR2A0867-1024x683.jpg\" alt=\"\" class=\"wp-image-680\" width=\"352\" height=\"235\" srcset=\"https:\/\/therapeutisches-reiten-leipzig.de\/wp-content\/uploads\/2023\/08\/MR2A0867-1024x683.jpg 1024w, https:\/\/therapeutisches-reiten-leipzig.de\/wp-content\/uploads\/2023\/08\/MR2A0867-300x200.jpg 300w, https:\/\/therapeutisches-reiten-leipzig.de\/wp-content\/uploads\/2023\/08\/MR2A0867-768x512.jpg 768w, https:\/\/therapeutisches-reiten-leipzig.de\/wp-content\/uploads\/2023\/08\/MR2A0867-1536x1024.jpg 1536w, https:\/\/therapeutisches-reiten-leipzig.de\/wp-content\/uploads\/2023\/08\/MR2A0867-2048x1365.jpg 2048w\" sizes=\"auto, (max-width: 352px) 100vw, 352px\" \/><\/figure>\n<\/div>\n\n<div class=\"page\" title=\"Page 2\">\n<div class=\"section\">\n<div class=\"layoutArea\">\n<div class=\"column\">\n<p>im Vorschulbereich (Fr\u00fchf\u00f6rderung) zur Entwicklungsf\u00f6rderung bei:<\/p>\n<ul>\n<li>Bewegungs- und Koordinationsst\u00f6rungen<br>&#8211; Entwicklungsverz\u00f6gerung in allen Wahrnehmungsbereichen<\/li>\n<li>Verhaltensbesonderheiten<\/li>\n<\/ul>\n<p>im Grundschulalter f\u00fcr:<\/p>\n<p>&#8211; Steigerung des Selbstwertgef\u00fchls<br>&#8211; Verbesserung von Konzentration und Ausdauer<br>&#8211; Verbesserung der Sozialkompetenz<\/p>\n<p>im Erwachsenenalter:<br>&#8211; zur Angstbew\u00e4ltigung und Stresspr\u00e4vention<br>&#8211; &nbsp;Reiten f\u00fcr Wiedereinsteiger ab 30 Jahre<\/p>\n<\/div>\n<div class=\"page\" title=\"Page 2\">\n<div class=\"section\">\n<div class=\"layoutArea\">\n<div class=\"column\">\n<p>m\u00f6gliche Diagnosen (Auswahl):<br>Entwicklungsverz\u00f6gerung<br>ADHS<br>Autismus<br>Verhaltensbesonderheiten<\/p>\n<p><img loading=\"lazy\" decoding=\"async\" class=\" wp-image-681 aligncenter\" src=\"https:\/\/therapeutisches-reiten-leipzig.de\/wp-content\/uploads\/2023\/08\/MR2A1032-200x300.jpg\" alt=\"\" width=\"194\" height=\"291\" srcset=\"https:\/\/therapeutisches-reiten-leipzig.de\/wp-content\/uploads\/2023\/08\/MR2A1032-200x300.jpg 200w, https:\/\/therapeutisches-reiten-leipzig.de\/wp-content\/uploads\/2023\/08\/MR2A1032-683x1024.jpg 683w, https:\/\/therapeutisches-reiten-leipzig.de\/wp-content\/uploads\/2023\/08\/MR2A1032-768x1152.jpg 768w, https:\/\/therapeutisches-reiten-leipzig.de\/wp-content\/uploads\/2023\/08\/MR2A1032-1024x1536.jpg 1024w, https:\/\/therapeutisches-reiten-leipzig.de\/wp-content\/uploads\/2023\/08\/MR2A1032-1365x2048.jpg 1365w, https:\/\/therapeutisches-reiten-leipzig.de\/wp-content\/uploads\/2023\/08\/MR2A1032-scaled.jpg 1707w\" sizes=\"auto, (max-width: 194px) 100vw, 194px\" \/><\/p>\n<p>Angebote:<\/p>\n<ul>\n<li>Heilp\u00e4dagogische F\u00f6rderung mit dem Pferd (Einzeltherapie und Gruppentherapie)<\/li>\n<li>pferdegest\u00fctzte Verhaltenstherapie<\/li>\n<li>&nbsp;Erlebnisp\u00e4dagogischer Tag<\/li>\n<li>Hippotherapie<\/li>\n<\/ul>\n<\/div>\n<\/div>\n<\/div>\n<\/div>\n<\/div>\n<\/div>\n<\/div>","protected":false},"excerpt":{"rendered":"<p>im Vorschulbereich (Fr\u00fchf\u00f6rderung) zur Entwicklungsf\u00f6rderung bei: Bewegungs- und Koordinationsst\u00f6rungen&#8211; Entwicklungsverz\u00f6gerung in allen Wahrnehmungsbereichen Verhaltensbesonderheiten im Grundschulalter f\u00fcr: &#8211; Steigerung des Selbstwertgef\u00fchls&#8211; Verbesserung von Konzentration und Ausdauer&#8211; Verbesserung der Sozialkompetenz im Erwachsenenalter:&#8211; zur Angstbew\u00e4ltigung und Stresspr\u00e4vention&#8211; &nbsp;Reiten f\u00fcr Wiedereinsteiger ab 30 Jahre m\u00f6gliche Diagnosen (Auswahl):Entwicklungsverz\u00f6gerungADHSAutismusVerhaltensbesonderheiten Angebote: Heilp\u00e4dagogische F\u00f6rderung mit dem Pferd (Einzeltherapie und Gruppentherapie) pferdegest\u00fctzte Verhaltenstherapie [&hellip;]<\/p>\n","protected":false},"author":3,"featured_media":0,"parent":0,"menu_order":0,"comment_status":"closed","ping_status":"closed","template":"","meta":{"ocean_post_layout":"","ocean_both_sidebars_style":"","ocean_both_sidebars_content_width":0,"ocean_both_sidebars_sidebars_width":0,"ocean_sidebar":"0","ocean_second_sidebar":"0","ocean_disable_margins":"enable","ocean_add_body_class":"","ocean_shortcode_before_top_bar":"","ocean_shortcode_after_top_bar":"","ocean_shortcode_before_header":"","ocean_shortcode_after_header":"","ocean_has_shortcode":"","ocean_shortcode_after_title":"","ocean_shortcode_before_footer_widgets":"","ocean_shortcode_after_footer_widgets":"","ocean_shortcode_before_footer_bottom":"","ocean_shortcode_after_footer_bottom":"","ocean_display_top_bar":"default","ocean_display_header":"default","ocean_header_style":"","ocean_center_header_left_menu":"0","ocean_custom_header_template":"0","ocean_custom_logo":0,"ocean_custom_retina_logo":0,"ocean_custom_logo_max_width":0,"ocean_custom_logo_tablet_max_width":0,"ocean_custom_logo_mobile_max_width":0,"ocean_custom_logo_max_height":0,"ocean_custom_logo_tablet_max_height":0,"ocean_custom_logo_mobile_max_height":0,"ocean_header_custom_menu":"0","ocean_menu_typo_font_family":"0","ocean_menu_typo_font_subset":"","ocean_menu_typo_font_size":0,"ocean_menu_typo_font_size_tablet":0,"ocean_menu_typo_font_size_mobile":0,"ocean_menu_typo_font_size_unit":"px","ocean_menu_typo_font_weight":"","ocean_menu_typo_font_weight_tablet":"","ocean_menu_typo_font_weight_mobile":"","ocean_menu_typo_transform":"","ocean_menu_typo_transform_tablet":"","ocean_menu_typo_transform_mobile":"","ocean_menu_typo_line_height":0,"ocean_menu_typo_line_height_tablet":0,"ocean_menu_typo_line_height_mobile":0,"ocean_menu_typo_line_height_unit":"","ocean_menu_typo_spacing":0,"ocean_menu_typo_spacing_tablet":0,"ocean_menu_typo_spacing_mobile":0,"ocean_menu_typo_spacing_unit":"","ocean_menu_link_color":"","ocean_menu_link_color_hover":"","ocean_menu_link_color_active":"","ocean_menu_link_background":"","ocean_menu_link_hover_background":"","ocean_menu_link_active_background":"","ocean_menu_social_links_bg":"","ocean_menu_social_hover_links_bg":"","ocean_menu_social_links_color":"","ocean_menu_social_hover_links_color":"","ocean_disable_title":"default","ocean_disable_heading":"default","ocean_post_title":"","ocean_post_subheading":"","ocean_post_title_style":"","ocean_post_title_background_color":"","ocean_post_title_background":0,"ocean_post_title_bg_image_position":"","ocean_post_title_bg_image_attachment":"","ocean_post_title_bg_image_repeat":"","ocean_post_title_bg_image_size":"","ocean_post_title_height":0,"ocean_post_title_bg_overlay":0.5,"ocean_post_title_bg_overlay_color":"","ocean_disable_breadcrumbs":"default","ocean_breadcrumbs_color":"","ocean_breadcrumbs_separator_color":"","ocean_breadcrumbs_links_color":"","ocean_breadcrumbs_links_hover_color":"","ocean_display_footer_widgets":"default","ocean_display_footer_bottom":"default","ocean_custom_footer_template":"0","footnotes":""},"class_list":["post-16","page","type-page","status-publish","hentry","entry"],"jetpack_sharing_enabled":true,"_links":{"self":[{"href":"https:\/\/therapeutisches-reiten-leipzig.de\/index.php?rest_route=\/wp\/v2\/pages\/16","targetHints":{"allow":["GET"]}}],"collection":[{"href":"https:\/\/therapeutisches-reiten-leipzig.de\/index.php?rest_route=\/wp\/v2\/pages"}],"about":[{"href":"https:\/\/therapeutisches-reiten-leipzig.de\/index.php?rest_route=\/wp\/v2\/types\/page"}],"author":[{"embeddable":true,"href":"https:\/\/therapeutisches-reiten-leipzig.de\/index.php?rest_route=\/wp\/v2\/users\/3"}],"replies":[{"embeddable":true,"href":"https:\/\/therapeutisches-reiten-leipzig.de\/index.php?rest_route=%2Fwp%2Fv2%2Fcomments&post=16"}],"version-history":[{"count":9,"href":"https:\/\/therapeutisches-reiten-leipzig.de\/index.php?rest_route=\/wp\/v2\/pages\/16\/revisions"}],"predecessor-version":[{"id":685,"href":"https:\/\/therapeutisches-reiten-leipzig.de\/index.php?rest_route=\/wp\/v2\/pages\/16\/revisions\/685"}],"wp:attachment":[{"href":"https:\/\/therapeutisches-reiten-leipzig.de\/index.php?rest_route=%2Fwp%2Fv2%2Fmedia&parent=16"}],"curies":[{"name":"wp","href":"https:\/\/api.w.org\/{rel}","templated":true}]}}