{"id":10,"date":"2016-10-11T13:33:51","date_gmt":"2016-10-11T13:33:51","guid":{"rendered":"http:\/\/therapeutisches-reiten-leipzig.de\/?page_id=10"},"modified":"2016-11-13T17:45:27","modified_gmt":"2016-11-13T17:45:27","slug":"warum-das-pferd","status":"publish","type":"page","link":"https:\/\/therapeutisches-reiten-leipzig.de\/?page_id=10","title":{"rendered":"Warum das Pferd?"},"content":{"rendered":"<p><img loading=\"lazy\" decoding=\"async\" class=\"alignnone size-medium wp-image-55\" src=\"http:\/\/therapeutisches-reiten-leipzig.de\/wp-content\/uploads\/2016\/11\/Pferd-300x225.png\" alt=\"Warum das Pferd?\" width=\"300\" height=\"225\" srcset=\"https:\/\/therapeutisches-reiten-leipzig.de\/wp-content\/uploads\/2016\/11\/Pferd-300x225.png 300w, https:\/\/therapeutisches-reiten-leipzig.de\/wp-content\/uploads\/2016\/11\/Pferd.png 750w\" sizes=\"auto, (max-width: 300px) 100vw, 300px\" \/><\/p>\n<p>Wie kein anders Tier in der Geschichte der Menschheit hat das Pferd sich als Wegbereiter und Gef\u00e4hrte bewiesen. Das Pferd hat die Menschen mobil gemacht.<\/p>\n<p>Der technische Fortschritt hat mit dem Pferd begonnen und w\u00e4re ohne Pferd nicht m\u00f6glich gewesen. Transport von Lasten, Ackerbau, Jagd, Postverkehr, Reisen, Kriege \u2013 die Perfektion begann mit dem Pferd.<\/p>\n<p>Kein Tier hat es zu solchen H\u00f6chstleistungen im Sport geschafft. Dazu braucht es Schnelligkeit, Kraft, Ausdauer, Gewandtheit, Lernf\u00e4higkeit, einen gutm\u00fctigen Charakter mit Leistungsbereitschaft und Lernwillen sowie absolutes Vertrauen. Dieses Vertrauen ist einzigartig, denn sowohl Mensch als auch Pferd vertrauen sich gegenseitig ihr Leben an, indem sie sich 100% aufeinander verlassen \u2013 z. B. beim Hangabsprung in der Military, ein Sprung ins \u201eUngewisse\u201c.<\/p>\n<p>Das Pferd ist anmutig, edel, kraftvoll, dem Menschen zugewandt.<\/p>\n<p>Respekt und Vertrauen pr\u00e4gen die gegenseitige Beziehung.<\/p>\n<p>Aufgrund des Bewegungsdialogs ist eine besondere Beziehung m\u00f6glich: Der Mensch passt sich den verschiedenen Bewegungen des Pferdes an, das Pferd reagiert auf die Bewegung des Menschen. In der Phantasie des Menschen werden beide eins \u2013 bei den Centauren.<\/p>\n<p>Darauf beruht das Geheimnis der therapeutischen Bedeutung.<\/p>\n<p>Pferde pflegen in der Herde untereinander eine freundschaftliche Beziehung, es existiert eine Rangfolge, eine Aufgabenverteilung und der Herdentrieb.<\/p>\n<p>Pferde besitzen viele menschtypischen negativen Eigenschaften nicht \u2013 sie sind niemals geh\u00e4ssig, neidisch, falsch, hinterh\u00e4ltig, rachs\u00fcchtig und bei artgerechter Haltung auch nicht b\u00f6sartig.<\/p>\n<p>Daf\u00fcr authentisch, neugierig, flei\u00dfig, geduldig, menschbezogen, lernf\u00e4hig.<\/p>\n","protected":false},"excerpt":{"rendered":"<p>Wie kein anders Tier in der Geschichte der Menschheit hat das Pferd sich als Wegbereiter und Gef\u00e4hrte bewiesen. Das Pferd hat die Menschen mobil gemacht. Der technische Fortschritt hat mit dem Pferd begonnen und w\u00e4re ohne Pferd nicht m\u00f6glich gewesen. Transport von Lasten, Ackerbau, Jagd, Postverkehr, Reisen, Kriege \u2013 die Perfektion begann mit dem Pferd. [&hellip;]<\/p>\n","protected":false},"author":3,"featured_media":0,"parent":0,"menu_order":0,"comment_status":"closed","ping_status":"closed","template":"","meta":{"ocean_post_layout":"","ocean_both_sidebars_style":"","ocean_both_sidebars_content_width":0,"ocean_both_sidebars_sidebars_width":0,"ocean_sidebar":"","ocean_second_sidebar":"","ocean_disable_margins":"enable","ocean_add_body_class":"","ocean_shortcode_before_top_bar":"","ocean_shortcode_after_top_bar":"","ocean_shortcode_before_header":"","ocean_shortcode_after_header":"","ocean_has_shortcode":"","ocean_shortcode_after_title":"","ocean_shortcode_before_footer_widgets":"","ocean_shortcode_after_footer_widgets":"","ocean_shortcode_before_footer_bottom":"","ocean_shortcode_after_footer_bottom":"","ocean_display_top_bar":"default","ocean_display_header":"default","ocean_header_style":"","ocean_center_header_left_menu":"","ocean_custom_header_template":"","ocean_custom_logo":0,"ocean_custom_retina_logo":0,"ocean_custom_logo_max_width":0,"ocean_custom_logo_tablet_max_width":0,"ocean_custom_logo_mobile_max_width":0,"ocean_custom_logo_max_height":0,"ocean_custom_logo_tablet_max_height":0,"ocean_custom_logo_mobile_max_height":0,"ocean_header_custom_menu":"","ocean_menu_typo_font_family":"","ocean_menu_typo_font_subset":"","ocean_menu_typo_font_size":0,"ocean_menu_typo_font_size_tablet":0,"ocean_menu_typo_font_size_mobile":0,"ocean_menu_typo_font_size_unit":"px","ocean_menu_typo_font_weight":"","ocean_menu_typo_font_weight_tablet":"","ocean_menu_typo_font_weight_mobile":"","ocean_menu_typo_transform":"","ocean_menu_typo_transform_tablet":"","ocean_menu_typo_transform_mobile":"","ocean_menu_typo_line_height":0,"ocean_menu_typo_line_height_tablet":0,"ocean_menu_typo_line_height_mobile":0,"ocean_menu_typo_line_height_unit":"","ocean_menu_typo_spacing":0,"ocean_menu_typo_spacing_tablet":0,"ocean_menu_typo_spacing_mobile":0,"ocean_menu_typo_spacing_unit":"","ocean_menu_link_color":"","ocean_menu_link_color_hover":"","ocean_menu_link_color_active":"","ocean_menu_link_background":"","ocean_menu_link_hover_background":"","ocean_menu_link_active_background":"","ocean_menu_social_links_bg":"","ocean_menu_social_hover_links_bg":"","ocean_menu_social_links_color":"","ocean_menu_social_hover_links_color":"","ocean_disable_title":"default","ocean_disable_heading":"default","ocean_post_title":"","ocean_post_subheading":"","ocean_post_title_style":"","ocean_post_title_background_color":"","ocean_post_title_background":0,"ocean_post_title_bg_image_position":"","ocean_post_title_bg_image_attachment":"","ocean_post_title_bg_image_repeat":"","ocean_post_title_bg_image_size":"","ocean_post_title_height":0,"ocean_post_title_bg_overlay":0.5,"ocean_post_title_bg_overlay_color":"","ocean_disable_breadcrumbs":"default","ocean_breadcrumbs_color":"","ocean_breadcrumbs_separator_color":"","ocean_breadcrumbs_links_color":"","ocean_breadcrumbs_links_hover_color":"","ocean_display_footer_widgets":"default","ocean_display_footer_bottom":"default","ocean_custom_footer_template":"","footnotes":""},"class_list":["post-10","page","type-page","status-publish","hentry","entry"],"jetpack_sharing_enabled":true,"_links":{"self":[{"href":"https:\/\/therapeutisches-reiten-leipzig.de\/index.php?rest_route=\/wp\/v2\/pages\/10","targetHints":{"allow":["GET"]}}],"collection":[{"href":"https:\/\/therapeutisches-reiten-leipzig.de\/index.php?rest_route=\/wp\/v2\/pages"}],"about":[{"href":"https:\/\/therapeutisches-reiten-leipzig.de\/index.php?rest_route=\/wp\/v2\/types\/page"}],"author":[{"embeddable":true,"href":"https:\/\/therapeutisches-reiten-leipzig.de\/index.php?rest_route=\/wp\/v2\/users\/3"}],"replies":[{"embeddable":true,"href":"https:\/\/therapeutisches-reiten-leipzig.de\/index.php?rest_route=%2Fwp%2Fv2%2Fcomments&post=10"}],"version-history":[{"count":4,"href":"https:\/\/therapeutisches-reiten-leipzig.de\/index.php?rest_route=\/wp\/v2\/pages\/10\/revisions"}],"predecessor-version":[{"id":58,"href":"https:\/\/therapeutisches-reiten-leipzig.de\/index.php?rest_route=\/wp\/v2\/pages\/10\/revisions\/58"}],"wp:attachment":[{"href":"https:\/\/therapeutisches-reiten-leipzig.de\/index.php?rest_route=%2Fwp%2Fv2%2Fmedia&parent=10"}],"curies":[{"name":"wp","href":"https:\/\/api.w.org\/{rel}","templated":true}]}}